{"id":30,"date":"2023-06-27T12:18:09","date_gmt":"2023-06-27T12:18:09","guid":{"rendered":"https:\/\/ozugurluradyator.com\/?page_id=30"},"modified":"2023-06-27T13:14:55","modified_gmt":"2023-06-27T13:14:55","slug":"iletisim","status":"publish","type":"page","link":"https:\/\/ozugurluradyator.com\/?page_id=30","title":{"rendered":"\u0130leti\u015fim"},"content":{"rendered":"\n<p>Yavuz Sultan Selim Mah. Mustafa Sabuncuo\u011flu Cad. No:27<\/p>\n\n\n\n<p>60500  Erbaa\/TOKAT<\/p>\n\n\n\n<p>+90 356 725 80 99<\/p>\n\n\n\n<p>bilgi@ozugurluradyator.com<\/p>\n","protected":false},"excerpt":{"rendered":"<p>Yavuz Sultan Selim Mah. Mustafa Sabuncuo\u011flu Cad. No:27 60500 Erbaa\/TOKAT +90 356 725 80 99 bilgi@ozugurluradyator.com<\/p>\n","protected":false},"author":1,"featured_media":0,"parent":0,"menu_order":0,"comment_status":"closed","ping_status":"closed","template":"","meta":{"_themeisle_gutenberg_block_has_review":false,"footnotes":""},"class_list":["post-30","page","type-page","status-publish","hentry"],"yoast_head":"<!-- This site is optimized with the Yoast SEO plugin v20.8 - https:\/\/yoast.com\/wordpress\/plugins\/seo\/ -->\n<title>\u0130leti\u015fim - \u00d6ZU\u011eURLU RADYAT\u00d6R<\/title>\n<meta name=\"robots\" content=\"index, follow, max-snippet:-1, max-image-preview:large, max-video-preview:-1\" \/>\n<link rel=\"canonical\" href=\"https:\/\/ozugurluradyator.com\/?page_id=30\" \/>\n<meta property=\"og:locale\" content=\"tr_TR\" \/>\n<meta property=\"og:type\" content=\"article\" \/>\n<meta property=\"og:title\" content=\"\u0130leti\u015fim - \u00d6ZU\u011eURLU RADYAT\u00d6R\" \/>\n<meta property=\"og:description\" content=\"Yavuz Sultan Selim Mah. Mustafa Sabuncuo\u011flu Cad. No:27 60500 Erbaa\/TOKAT +90 356 725 80 99 bilgi@ozugurluradyator.com\" \/>\n<meta property=\"og:url\" content=\"https:\/\/ozugurluradyator.com\/?page_id=30\" \/>\n<meta property=\"og:site_name\" content=\"\u00d6ZU\u011eURLU RADYAT\u00d6R\" \/>\n<meta property=\"article:modified_time\" content=\"2023-06-27T13:14:55+00:00\" \/>\n<meta name=\"twitter:card\" content=\"summary_large_image\" \/>\n<meta name=\"twitter:label1\" content=\"Tahmini okuma s\u00fcresi\" \/>\n\t<meta name=\"twitter:data1\" content=\"1 dakika\" \/>\n<script type=\"application\/ld+json\" class=\"yoast-schema-graph\">{\"@context\":\"https:\/\/schema.org\",\"@graph\":[{\"@type\":\"WebPage\",\"@id\":\"https:\/\/ozugurluradyator.com\/?page_id=30\",\"url\":\"https:\/\/ozugurluradyator.com\/?page_id=30\",\"name\":\"\u0130leti\u015fim - \u00d6ZU\u011eURLU RADYAT\u00d6R\",\"isPartOf\":{\"@id\":\"https:\/\/ozugurluradyator.com\/#website\"},\"datePublished\":\"2023-06-27T12:18:09+00:00\",\"dateModified\":\"2023-06-27T13:14:55+00:00\",\"breadcrumb\":{\"@id\":\"https:\/\/ozugurluradyator.com\/?page_id=30#breadcrumb\"},\"inLanguage\":\"tr\",\"potentialAction\":[{\"@type\":\"ReadAction\",\"target\":[\"https:\/\/ozugurluradyator.com\/?page_id=30\"]}]},{\"@type\":\"BreadcrumbList\",\"@id\":\"https:\/\/ozugurluradyator.com\/?page_id=30#breadcrumb\",\"itemListElement\":[{\"@type\":\"ListItem\",\"position\":1,\"name\":\"Anasayfa\",\"item\":\"https:\/\/ozugurluradyator.com\/\"},{\"@type\":\"ListItem\",\"position\":2,\"name\":\"\u0130leti\u015fim\"}]},{\"@type\":\"WebSite\",\"@id\":\"https:\/\/ozugurluradyator.com\/#website\",\"url\":\"https:\/\/ozugurluradyator.com\/\",\"name\":\"\u00d6ZU\u011eURLU RADYAT\u00d6R\",\"description\":\"KAL\u0130TE ve ESTET\u0130K\",\"potentialAction\":[{\"@type\":\"SearchAction\",\"target\":{\"@type\":\"EntryPoint\",\"urlTemplate\":\"https:\/\/ozugurluradyator.com\/?s={search_term_string}\"},\"query-input\":\"required name=search_term_string\"}],\"inLanguage\":\"tr\"}]}<\/script>\n<!-- \/ Yoast SEO plugin. -->","yoast_head_json":{"title":"\u0130leti\u015fim - \u00d6ZU\u011eURLU RADYAT\u00d6R","robots":{"index":"index","follow":"follow","max-snippet":"max-snippet:-1","max-image-preview":"max-image-preview:large","max-video-preview":"max-video-preview:-1"},"canonical":"https:\/\/ozugurluradyator.com\/?page_id=30","og_locale":"tr_TR","og_type":"article","og_title":"\u0130leti\u015fim - \u00d6ZU\u011eURLU RADYAT\u00d6R","og_description":"Yavuz Sultan Selim Mah. Mustafa Sabuncuo\u011flu Cad. No:27 60500 Erbaa\/TOKAT +90 356 725 80 99 bilgi@ozugurluradyator.com","og_url":"https:\/\/ozugurluradyator.com\/?page_id=30","og_site_name":"\u00d6ZU\u011eURLU RADYAT\u00d6R","article_modified_time":"2023-06-27T13:14:55+00:00","twitter_card":"summary_large_image","twitter_misc":{"Tahmini okuma s\u00fcresi":"1 dakika"},"schema":{"@context":"https:\/\/schema.org","@graph":[{"@type":"WebPage","@id":"https:\/\/ozugurluradyator.com\/?page_id=30","url":"https:\/\/ozugurluradyator.com\/?page_id=30","name":"\u0130leti\u015fim - \u00d6ZU\u011eURLU RADYAT\u00d6R","isPartOf":{"@id":"https:\/\/ozugurluradyator.com\/#website"},"datePublished":"2023-06-27T12:18:09+00:00","dateModified":"2023-06-27T13:14:55+00:00","breadcrumb":{"@id":"https:\/\/ozugurluradyator.com\/?page_id=30#breadcrumb"},"inLanguage":"tr","potentialAction":[{"@type":"ReadAction","target":["https:\/\/ozugurluradyator.com\/?page_id=30"]}]},{"@type":"BreadcrumbList","@id":"https:\/\/ozugurluradyator.com\/?page_id=30#breadcrumb","itemListElement":[{"@type":"ListItem","position":1,"name":"Anasayfa","item":"https:\/\/ozugurluradyator.com\/"},{"@type":"ListItem","position":2,"name":"\u0130leti\u015fim"}]},{"@type":"WebSite","@id":"https:\/\/ozugurluradyator.com\/#website","url":"https:\/\/ozugurluradyator.com\/","name":"\u00d6ZU\u011eURLU RADYAT\u00d6R","description":"KAL\u0130TE ve ESTET\u0130K","potentialAction":[{"@type":"SearchAction","target":{"@type":"EntryPoint","urlTemplate":"https:\/\/ozugurluradyator.com\/?s={search_term_string}"},"query-input":"required name=search_term_string"}],"inLanguage":"tr"}]}},"_links":{"self":[{"href":"https:\/\/ozugurluradyator.com\/index.php?rest_route=\/wp\/v2\/pages\/30","targetHints":{"allow":["GET"]}}],"collection":[{"href":"https:\/\/ozugurluradyator.com\/index.php?rest_route=\/wp\/v2\/pages"}],"about":[{"href":"https:\/\/ozugurluradyator.com\/index.php?rest_route=\/wp\/v2\/types\/page"}],"author":[{"embeddable":true,"href":"https:\/\/ozugurluradyator.com\/index.php?rest_route=\/wp\/v2\/users\/1"}],"replies":[{"embeddable":true,"href":"https:\/\/ozugurluradyator.com\/index.php?rest_route=%2Fwp%2Fv2%2Fcomments&post=30"}],"version-history":[{"count":2,"href":"https:\/\/ozugurluradyator.com\/index.php?rest_route=\/wp\/v2\/pages\/30\/revisions"}],"predecessor-version":[{"id":64,"href":"https:\/\/ozugurluradyator.com\/index.php?rest_route=\/wp\/v2\/pages\/30\/revisions\/64"}],"wp:attachment":[{"href":"https:\/\/ozugurluradyator.com\/index.php?rest_route=%2Fwp%2Fv2%2Fmedia&parent=30"}],"curies":[{"name":"wp","href":"https:\/\/api.w.org\/{rel}","templated":true}]}}