{"id":28,"date":"2023-06-27T12:18:09","date_gmt":"2023-06-27T12:18:09","guid":{"rendered":"https:\/\/ozugurluradyator.com\/?page_id=28"},"modified":"2025-10-30T19:41:36","modified_gmt":"2025-10-30T19:41:36","slug":"urunler","status":"publish","type":"page","link":"https:\/\/ozugurluradyator.com\/?page_id=28","title":{"rendered":"\u00dcr\u00fcnler"},"content":{"rendered":"\n<p>\u00dcr\u00fcnlerimiz 304 Kalite Krom Malzemeden \u00dcretilmi\u015f Olup Kesinlikle Kaplama De\u011fildir.<\/p>\n\n\n\n<p>10 y\u0131l garantili olup istenilen ebatlarda \u00fcretim yap\u0131labilir.<\/p>\n\n\n\n<div class=\"wp-block-media-text alignwide is-stacked-on-mobile\"><figure class=\"wp-block-media-text__media\"><img loading=\"lazy\" decoding=\"async\" width=\"1024\" height=\"768\" src=\"https:\/\/ozugurluradyator.com\/wp-content\/uploads\/2023\/06\/IMG_4761-1-1024x768.jpg\" alt=\"\" class=\"wp-image-100 size-full\" srcset=\"https:\/\/ozugurluradyator.com\/wp-content\/uploads\/2023\/06\/IMG_4761-1-1024x768.jpg 1024w, https:\/\/ozugurluradyator.com\/wp-content\/uploads\/2023\/06\/IMG_4761-1-300x225.jpg 300w, https:\/\/ozugurluradyator.com\/wp-content\/uploads\/2023\/06\/IMG_4761-1-768x576.jpg 768w, https:\/\/ozugurluradyator.com\/wp-content\/uploads\/2023\/06\/IMG_4761-1-1536x1152.jpg 1536w, https:\/\/ozugurluradyator.com\/wp-content\/uploads\/2023\/06\/IMG_4761-1-2048x1536.jpg 2048w, https:\/\/ozugurluradyator.com\/wp-content\/uploads\/2023\/06\/IMG_4761-1-2000x1500.jpg 2000w\" sizes=\"auto, (max-width: 1024px) 100vw, 1024px\" \/><\/figure><div class=\"wp-block-media-text__content\">\n<p>Rad1<\/p>\n\n\n\n<p>Paslanmaz \u00c7elik Radyat\u00f6r<\/p>\n<\/div><\/div>\n\n\n\n<div class=\"wp-block-media-text alignwide is-stacked-on-mobile\"><figure class=\"wp-block-media-text__media\"><img loading=\"lazy\" decoding=\"async\" width=\"1024\" height=\"768\" src=\"https:\/\/ozugurluradyator.com\/wp-content\/uploads\/2023\/06\/IMG_4770-1-1024x768.jpg\" alt=\"\" class=\"wp-image-97 size-full\" srcset=\"https:\/\/ozugurluradyator.com\/wp-content\/uploads\/2023\/06\/IMG_4770-1-1024x768.jpg 1024w, https:\/\/ozugurluradyator.com\/wp-content\/uploads\/2023\/06\/IMG_4770-1-300x225.jpg 300w, https:\/\/ozugurluradyator.com\/wp-content\/uploads\/2023\/06\/IMG_4770-1-768x576.jpg 768w, https:\/\/ozugurluradyator.com\/wp-content\/uploads\/2023\/06\/IMG_4770-1-1536x1152.jpg 1536w, https:\/\/ozugurluradyator.com\/wp-content\/uploads\/2023\/06\/IMG_4770-1-2048x1536.jpg 2048w, https:\/\/ozugurluradyator.com\/wp-content\/uploads\/2023\/06\/IMG_4770-1-2000x1500.jpg 2000w\" sizes=\"auto, (max-width: 1024px) 100vw, 1024px\" \/><\/figure><div class=\"wp-block-media-text__content\">\n<p>Rad2<\/p>\n\n\n\n<p>Paslanmaz \u00c7elik Radyat\u00f6r<\/p>\n<\/div><\/div>\n\n\n\n<div class=\"wp-block-media-text alignwide is-stacked-on-mobile\"><figure class=\"wp-block-media-text__media\"><img loading=\"lazy\" decoding=\"async\" width=\"1024\" height=\"768\" src=\"https:\/\/ozugurluradyator.com\/wp-content\/uploads\/2023\/06\/WhatsApp-Image-2023-05-22-at-22.43.49-1-1.jpeg\" alt=\"\" class=\"wp-image-93 size-full\" srcset=\"https:\/\/ozugurluradyator.com\/wp-content\/uploads\/2023\/06\/WhatsApp-Image-2023-05-22-at-22.43.49-1-1.jpeg 1024w, https:\/\/ozugurluradyator.com\/wp-content\/uploads\/2023\/06\/WhatsApp-Image-2023-05-22-at-22.43.49-1-1-300x225.jpeg 300w, https:\/\/ozugurluradyator.com\/wp-content\/uploads\/2023\/06\/WhatsApp-Image-2023-05-22-at-22.43.49-1-1-768x576.jpeg 768w\" sizes=\"auto, (max-width: 1024px) 100vw, 1024px\" \/><\/figure><div class=\"wp-block-media-text__content\">\n<p>Rad3<\/p>\n\n\n\n<p>Paslanmaz \u00c7elik Radyat\u00f6r<\/p>\n<\/div><\/div>\n\n\n\n<div class=\"wp-block-media-text alignwide is-stacked-on-mobile\"><figure class=\"wp-block-media-text__media\"><img loading=\"lazy\" decoding=\"async\" width=\"768\" height=\"1024\" src=\"https:\/\/ozugurluradyator.com\/wp-content\/uploads\/2023\/06\/WhatsApp-Image-2023-05-22-at-08.03.35-1-4.jpeg\" alt=\"\" class=\"wp-image-92 size-full\" srcset=\"https:\/\/ozugurluradyator.com\/wp-content\/uploads\/2023\/06\/WhatsApp-Image-2023-05-22-at-08.03.35-1-4.jpeg 768w, https:\/\/ozugurluradyator.com\/wp-content\/uploads\/2023\/06\/WhatsApp-Image-2023-05-22-at-08.03.35-1-4-225x300.jpeg 225w\" sizes=\"auto, (max-width: 768px) 100vw, 768px\" \/><\/figure><div class=\"wp-block-media-text__content\">\n<p>Paslanmaz \u00c7elik Havlupan<\/p>\n<\/div><\/div>\n\n\n\n<div class=\"wp-block-media-text has-media-on-the-right is-stacked-on-mobile\" style=\"grid-template-columns:auto 62%\"><div class=\"wp-block-media-text__content\">\n<p>                                      Gold-Rad1<\/p>\n<\/div><figure class=\"wp-block-media-text__media\"><img loading=\"lazy\" decoding=\"async\" width=\"1024\" height=\"595\" src=\"https:\/\/ozugurluradyator.com\/wp-content\/uploads\/2025\/09\/WhatsApp-Image-2025-09-21-at-21.53.34-3-1-1024x595.jpeg\" alt=\"\" class=\"wp-image-139 size-full\" srcset=\"https:\/\/ozugurluradyator.com\/wp-content\/uploads\/2025\/09\/WhatsApp-Image-2025-09-21-at-21.53.34-3-1-1024x595.jpeg 1024w, https:\/\/ozugurluradyator.com\/wp-content\/uploads\/2025\/09\/WhatsApp-Image-2025-09-21-at-21.53.34-3-1-300x174.jpeg 300w, https:\/\/ozugurluradyator.com\/wp-content\/uploads\/2025\/09\/WhatsApp-Image-2025-09-21-at-21.53.34-3-1-768x446.jpeg 768w, https:\/\/ozugurluradyator.com\/wp-content\/uploads\/2025\/09\/WhatsApp-Image-2025-09-21-at-21.53.34-3-1-1536x892.jpeg 1536w, https:\/\/ozugurluradyator.com\/wp-content\/uploads\/2025\/09\/WhatsApp-Image-2025-09-21-at-21.53.34-3-1.jpeg 1600w\" sizes=\"auto, (max-width: 1024px) 100vw, 1024px\" \/><\/figure><\/div>\n\n\n\n<div class=\"wp-block-media-text has-media-on-the-right is-stacked-on-mobile\" style=\"grid-template-columns:auto 38%\"><div class=\"wp-block-media-text__content\">\n<p>                                          Gold Paslanmaz \u00c7elik Havlupan<\/p>\n<\/div><figure class=\"wp-block-media-text__media\"><img loading=\"lazy\" decoding=\"async\" width=\"651\" height=\"1024\" src=\"https:\/\/ozugurluradyator.com\/wp-content\/uploads\/2025\/09\/WhatsApp-Image-2025-09-21-at-21.53.34-8-651x1024.jpeg\" alt=\"\" class=\"wp-image-140 size-full\" srcset=\"https:\/\/ozugurluradyator.com\/wp-content\/uploads\/2025\/09\/WhatsApp-Image-2025-09-21-at-21.53.34-8-651x1024.jpeg 651w, https:\/\/ozugurluradyator.com\/wp-content\/uploads\/2025\/09\/WhatsApp-Image-2025-09-21-at-21.53.34-8-191x300.jpeg 191w, https:\/\/ozugurluradyator.com\/wp-content\/uploads\/2025\/09\/WhatsApp-Image-2025-09-21-at-21.53.34-8-768x1208.jpeg 768w, https:\/\/ozugurluradyator.com\/wp-content\/uploads\/2025\/09\/WhatsApp-Image-2025-09-21-at-21.53.34-8-976x1536.jpeg 976w, https:\/\/ozugurluradyator.com\/wp-content\/uploads\/2025\/09\/WhatsApp-Image-2025-09-21-at-21.53.34-8.jpeg 1017w\" sizes=\"auto, (max-width: 651px) 100vw, 651px\" \/><\/figure><\/div>\n\n\n<style type=\"text\/css\">.otter-masonry .blocks-gallery-grid .blocks-gallery-item img{ width:100% }<\/style><div class=\"otter-masonry\" data-margin=\"10\">\n<figure class=\"wp-block-gallery has-nested-images columns-default is-cropped wp-block-gallery-1 is-layout-flex wp-block-gallery-is-layout-flex\">\n<figure class=\"wp-block-image size-large\"><img loading=\"lazy\" decoding=\"async\" width=\"1024\" height=\"818\" data-id=\"187\" src=\"https:\/\/ozugurluradyator.com\/wp-content\/uploads\/2025\/10\/IMG_1459-5-1024x818.jpeg\" alt=\"\" class=\"wp-image-187\" srcset=\"https:\/\/ozugurluradyator.com\/wp-content\/uploads\/2025\/10\/IMG_1459-5-1024x818.jpeg 1024w, https:\/\/ozugurluradyator.com\/wp-content\/uploads\/2025\/10\/IMG_1459-5-300x240.jpeg 300w, https:\/\/ozugurluradyator.com\/wp-content\/uploads\/2025\/10\/IMG_1459-5-768x613.jpeg 768w, https:\/\/ozugurluradyator.com\/wp-content\/uploads\/2025\/10\/IMG_1459-5.jpeg 1242w\" sizes=\"auto, (max-width: 1024px) 100vw, 1024px\" \/><\/figure>\n<\/figure>\n<\/div>\n\n\n<p>Gold-Rad2<\/p>\n","protected":false},"excerpt":{"rendered":"<p>\u00dcr\u00fcnlerimiz 304 Kalite Krom Malzemeden \u00dcretilmi\u015f Olup Kesinlikle Kaplama De\u011fildir. 10 y\u0131l garantili olup istenilen ebatlarda \u00fcretim yap\u0131labilir. Rad1 Paslanmaz \u00c7elik Radyat\u00f6r Rad2 Paslanmaz \u00c7elik Radyat\u00f6r Rad3 Paslanmaz \u00c7elik Radyat\u00f6r Paslanmaz \u00c7elik Havlupan Gold-Rad1 Gold Paslanmaz \u00c7elik Havlupan Gold-Rad2<\/p>\n","protected":false},"author":1,"featured_media":0,"parent":0,"menu_order":0,"comment_status":"closed","ping_status":"closed","template":"","meta":{"_themeisle_gutenberg_block_has_review":false,"footnotes":""},"class_list":["post-28","page","type-page","status-publish","hentry"],"yoast_head":"<!-- This site is optimized with the Yoast SEO plugin v20.8 - https:\/\/yoast.com\/wordpress\/plugins\/seo\/ -->\n<title>\u00dcr\u00fcnler - \u00d6ZU\u011eURLU RADYAT\u00d6R<\/title>\n<meta name=\"robots\" content=\"index, follow, max-snippet:-1, max-image-preview:large, max-video-preview:-1\" \/>\n<link rel=\"canonical\" href=\"https:\/\/ozugurluradyator.com\/?page_id=28\" \/>\n<meta property=\"og:locale\" content=\"tr_TR\" \/>\n<meta property=\"og:type\" content=\"article\" \/>\n<meta property=\"og:title\" content=\"\u00dcr\u00fcnler - \u00d6ZU\u011eURLU RADYAT\u00d6R\" \/>\n<meta property=\"og:description\" content=\"\u00dcr\u00fcnlerimiz 304 Kalite Krom Malzemeden \u00dcretilmi\u015f Olup Kesinlikle Kaplama De\u011fildir. 10 y\u0131l garantili olup istenilen ebatlarda \u00fcretim yap\u0131labilir. Rad1 Paslanmaz \u00c7elik Radyat\u00f6r Rad2 Paslanmaz \u00c7elik Radyat\u00f6r Rad3 Paslanmaz \u00c7elik Radyat\u00f6r Paslanmaz \u00c7elik Havlupan Gold-Rad1 Gold Paslanmaz \u00c7elik Havlupan Gold-Rad2\" \/>\n<meta property=\"og:url\" content=\"https:\/\/ozugurluradyator.com\/?page_id=28\" \/>\n<meta property=\"og:site_name\" content=\"\u00d6ZU\u011eURLU RADYAT\u00d6R\" \/>\n<meta property=\"article:modified_time\" content=\"2025-10-30T19:41:36+00:00\" \/>\n<meta property=\"og:image\" content=\"https:\/\/ozugurluradyator.com\/wp-content\/uploads\/2023\/06\/IMG_4761-1-1024x768.jpg\" \/>\n<meta name=\"twitter:card\" content=\"summary_large_image\" \/>\n<meta name=\"twitter:label1\" content=\"Tahmini okuma s\u00fcresi\" \/>\n\t<meta name=\"twitter:data1\" content=\"2 dakika\" \/>\n<script type=\"application\/ld+json\" class=\"yoast-schema-graph\">{\"@context\":\"https:\/\/schema.org\",\"@graph\":[{\"@type\":\"WebPage\",\"@id\":\"https:\/\/ozugurluradyator.com\/?page_id=28\",\"url\":\"https:\/\/ozugurluradyator.com\/?page_id=28\",\"name\":\"\u00dcr\u00fcnler - \u00d6ZU\u011eURLU RADYAT\u00d6R\",\"isPartOf\":{\"@id\":\"https:\/\/ozugurluradyator.com\/#website\"},\"datePublished\":\"2023-06-27T12:18:09+00:00\",\"dateModified\":\"2025-10-30T19:41:36+00:00\",\"breadcrumb\":{\"@id\":\"https:\/\/ozugurluradyator.com\/?page_id=28#breadcrumb\"},\"inLanguage\":\"tr\",\"potentialAction\":[{\"@type\":\"ReadAction\",\"target\":[\"https:\/\/ozugurluradyator.com\/?page_id=28\"]}]},{\"@type\":\"BreadcrumbList\",\"@id\":\"https:\/\/ozugurluradyator.com\/?page_id=28#breadcrumb\",\"itemListElement\":[{\"@type\":\"ListItem\",\"position\":1,\"name\":\"Anasayfa\",\"item\":\"https:\/\/ozugurluradyator.com\/\"},{\"@type\":\"ListItem\",\"position\":2,\"name\":\"\u00dcr\u00fcnler\"}]},{\"@type\":\"WebSite\",\"@id\":\"https:\/\/ozugurluradyator.com\/#website\",\"url\":\"https:\/\/ozugurluradyator.com\/\",\"name\":\"\u00d6ZU\u011eURLU RADYAT\u00d6R\",\"description\":\"KAL\u0130TE ve ESTET\u0130K\",\"potentialAction\":[{\"@type\":\"SearchAction\",\"target\":{\"@type\":\"EntryPoint\",\"urlTemplate\":\"https:\/\/ozugurluradyator.com\/?s={search_term_string}\"},\"query-input\":\"required name=search_term_string\"}],\"inLanguage\":\"tr\"}]}<\/script>\n<!-- \/ Yoast SEO plugin. -->","yoast_head_json":{"title":"\u00dcr\u00fcnler - \u00d6ZU\u011eURLU RADYAT\u00d6R","robots":{"index":"index","follow":"follow","max-snippet":"max-snippet:-1","max-image-preview":"max-image-preview:large","max-video-preview":"max-video-preview:-1"},"canonical":"https:\/\/ozugurluradyator.com\/?page_id=28","og_locale":"tr_TR","og_type":"article","og_title":"\u00dcr\u00fcnler - \u00d6ZU\u011eURLU RADYAT\u00d6R","og_description":"\u00dcr\u00fcnlerimiz 304 Kalite Krom Malzemeden \u00dcretilmi\u015f Olup Kesinlikle Kaplama De\u011fildir. 10 y\u0131l garantili olup istenilen ebatlarda \u00fcretim yap\u0131labilir. Rad1 Paslanmaz \u00c7elik Radyat\u00f6r Rad2 Paslanmaz \u00c7elik Radyat\u00f6r Rad3 Paslanmaz \u00c7elik Radyat\u00f6r Paslanmaz \u00c7elik Havlupan Gold-Rad1 Gold Paslanmaz \u00c7elik Havlupan Gold-Rad2","og_url":"https:\/\/ozugurluradyator.com\/?page_id=28","og_site_name":"\u00d6ZU\u011eURLU RADYAT\u00d6R","article_modified_time":"2025-10-30T19:41:36+00:00","og_image":[{"url":"https:\/\/ozugurluradyator.com\/wp-content\/uploads\/2023\/06\/IMG_4761-1-1024x768.jpg"}],"twitter_card":"summary_large_image","twitter_misc":{"Tahmini okuma s\u00fcresi":"2 dakika"},"schema":{"@context":"https:\/\/schema.org","@graph":[{"@type":"WebPage","@id":"https:\/\/ozugurluradyator.com\/?page_id=28","url":"https:\/\/ozugurluradyator.com\/?page_id=28","name":"\u00dcr\u00fcnler - \u00d6ZU\u011eURLU RADYAT\u00d6R","isPartOf":{"@id":"https:\/\/ozugurluradyator.com\/#website"},"datePublished":"2023-06-27T12:18:09+00:00","dateModified":"2025-10-30T19:41:36+00:00","breadcrumb":{"@id":"https:\/\/ozugurluradyator.com\/?page_id=28#breadcrumb"},"inLanguage":"tr","potentialAction":[{"@type":"ReadAction","target":["https:\/\/ozugurluradyator.com\/?page_id=28"]}]},{"@type":"BreadcrumbList","@id":"https:\/\/ozugurluradyator.com\/?page_id=28#breadcrumb","itemListElement":[{"@type":"ListItem","position":1,"name":"Anasayfa","item":"https:\/\/ozugurluradyator.com\/"},{"@type":"ListItem","position":2,"name":"\u00dcr\u00fcnler"}]},{"@type":"WebSite","@id":"https:\/\/ozugurluradyator.com\/#website","url":"https:\/\/ozugurluradyator.com\/","name":"\u00d6ZU\u011eURLU RADYAT\u00d6R","description":"KAL\u0130TE ve ESTET\u0130K","potentialAction":[{"@type":"SearchAction","target":{"@type":"EntryPoint","urlTemplate":"https:\/\/ozugurluradyator.com\/?s={search_term_string}"},"query-input":"required name=search_term_string"}],"inLanguage":"tr"}]}},"_links":{"self":[{"href":"https:\/\/ozugurluradyator.com\/index.php?rest_route=\/wp\/v2\/pages\/28","targetHints":{"allow":["GET"]}}],"collection":[{"href":"https:\/\/ozugurluradyator.com\/index.php?rest_route=\/wp\/v2\/pages"}],"about":[{"href":"https:\/\/ozugurluradyator.com\/index.php?rest_route=\/wp\/v2\/types\/page"}],"author":[{"embeddable":true,"href":"https:\/\/ozugurluradyator.com\/index.php?rest_route=\/wp\/v2\/users\/1"}],"replies":[{"embeddable":true,"href":"https:\/\/ozugurluradyator.com\/index.php?rest_route=%2Fwp%2Fv2%2Fcomments&post=28"}],"version-history":[{"count":9,"href":"https:\/\/ozugurluradyator.com\/index.php?rest_route=\/wp\/v2\/pages\/28\/revisions"}],"predecessor-version":[{"id":188,"href":"https:\/\/ozugurluradyator.com\/index.php?rest_route=\/wp\/v2\/pages\/28\/revisions\/188"}],"wp:attachment":[{"href":"https:\/\/ozugurluradyator.com\/index.php?rest_route=%2Fwp%2Fv2%2Fmedia&parent=28"}],"curies":[{"name":"wp","href":"https:\/\/api.w.org\/{rel}","templated":true}]}}